{"id":38,"date":"2023-12-23T23:40:57","date_gmt":"2023-12-23T23:40:57","guid":{"rendered":"http:\/\/neu.xn--sngerfreunde-gcb.de\/?page_id=38"},"modified":"2026-03-08T16:56:08","modified_gmt":"2026-03-08T16:56:08","slug":"kontakt-2","status":"publish","type":"page","link":"https:\/\/neu.xn--sngerfreunde-gcb.de\/index.php\/kontakt-2\/","title":{"rendered":"Impressum"},"content":{"rendered":"<h1>Kontakt<\/h1>\n<p><strong>1. Vorstand<\/strong><br \/>\nMarco Ulrich<br \/>\nBlumenstr. 53<br \/>\n90617 Puschendorf<br \/>\nemail: <a href=\"mailto:saengerfreunde@mail.de\">saengerfreunde@mail.de<\/a><\/p>\n<p><strong>2. Vorstand<\/strong><br \/>\nTobias Wutschka<br \/>\nSandleite 14<br \/>\n90617 Puschendorf<\/p>\n<p><strong>Schriftf\u00fchrer<\/strong><br \/>\nMarkus Hagendorf<br \/>\nVogelstra\u00dfe 18<br \/>\n90617 Puschendorf<\/p>\n<p><strong>Kassier<\/strong><br \/>\nMonika Hampel<br \/>\nSchie\u00dfhausweg 9<br \/>\n90617 Puschendorf<\/p>\n<p><strong>Beisitzer<\/strong><br \/>\nWolfgang Kistner<br \/>\nKlaus-J\u00fcrgen Schulz<br \/>\nKai Lorenz<br \/>\nLukas Seichter<br \/>\nGerhard Ohletz<br \/>\nUwe Zettner<br \/>\nDavid S\u00e4mann<br \/>\nMarion Stadler<br \/>\nMelanie Decker<\/p>\n<p><strong>Revisoren<\/strong><br \/>\nDieter Glaser<br \/>\nKlaus Schmutterer<\/p>\n<h4><strong>Chorleitung<br \/>\n<\/strong>Felix B\u00fcsing<strong><br \/>\n<\/strong>Stv. Wolfgang Kistner<\/h4>\n<p>(Webmaster: <a href=\"mailto:Harald@ha-fi.de\">Webmaster@ha-fi.de<\/a>)\u00a0 \u00a0 \u00a0 <a href=\"http:\/\/neu.xn--sngerfreunde-gcb.de\/wp-admin\">LOGIN<\/a><\/p>\n<p><a href=\"http:\/\/neu.xn--sngerfreunde-gcb.de\/wp-content\/uploads\/2025\/06\/Chronik-vorstand.pdf\">Vorst\u00e4nde im Laufe der Zeit als PDF<\/a><\/p>\n<p><a href=\"http:\/\/neu.xn--sngerfreunde-gcb.de\/wp-content\/uploads\/2024\/10\/Satzung-GSV_15.05.2024.pdf\">Satzung 05\/24 PDF<\/a><\/p>\n<p><a href=\"http:\/\/neu.xn--sngerfreunde-gcb.de\/wp-content\/uploads\/2024\/10\/Aufnahmeantrag.pdf\">Aufnahmeantrag PDF<\/a><\/p>\n<p><a href=\"http:\/\/neu.xn--sngerfreunde-gcb.de\/wp-content\/uploads\/2024\/10\/Austrittserklaerung.pdf\">Austrittserkl\u00e4rung PDF<\/a><\/p>\n<h1 class=\"entry-title\">Datenschutzerkl\u00e4rung<\/h1>\n<div class=\"entry-content\">\n<p>Der Gesangverein \u201eS\u00e4ngerfreunde\u201c Puschendorf (\u201eS\u00e4ngerfreunde\u201c) nimmt den Schutz personenbezogener Daten seiner Mitglieder und seiner Partner ernst; er hat durch technische und organisatorische Ma\u00dfnahmen sichergestellt, dass die gesetzlichen Vorschriften \u00fcber den Datenschutz sowohl von ihm als auch von externen Dienstleistern beachtet und eingehalten werden. Die Beachtung dieser Verpflichtung wird vom Verein regelm\u00e4\u00dfig kontrolliert. Die Erhebung, Verarbeitung, Nutzung und Weitergabe von Daten erfolgt zum einen mit Einverst\u00e4ndnis des Dateninhabers, andererseits ausschlie\u00dflich zum Zweck der Erf\u00fcllung der Pflichten des Vereins. Die Weitergabe an Dritte erfolgt nur aus zwingenden Gr\u00fcnden und im Interesse des Vereins. Das betroffene Vereinsmitglied hat jederzeit die M\u00f6glichkeit, sich \u00fcber die Verwendung und den Verbleib seiner gesch\u00fctzten Daten zu informieren; er hat Anspruch auf Dokumentation der Einhaltung datenschutzrechtlicher Bestimmungen in Bezug auf ihn. Er hat das Recht, jederzeit eine erteilte Einwilligung zu widerrufen und die L\u00f6schung seiner Daten zu verlangen, Art. 17 DS-GVO.<\/p>\n<p>Partner des Vereins und Dritte werden durch die Einhaltung der Datenschutzbestimmungen durch die Verantwortlichen des Vereins in gleicher Weise gesch\u00fctzt. Es findet kein Verkauf oder keine unentgeltliche Weitergabe von Daten Dritter oder Partner des Vereins statt, es sei denn, es l\u00e4ge eine entsprechende Einwilligung vor.<\/p>\n<p>Bei der Einschaltung externer Dienstleister, denen personenbezogene Daten zur Verf\u00fcgung gestellt werden m\u00fcssen, ist durch Abschluss eines entsprechenden Vertrages sichergestellt, dass die Datenschutzbestimmungen in gleicher Weise auch vom beauftragten Unternehmen eingehalten werden.<\/p>\n<p>Im Fall des Widerrufs oder der Anzeige von falsch erhobenen Daten werden diese sofort gel\u00f6scht, Art. 21, 18 DS-GVO. Auf das Beschwerderecht bei einer Datenschutzaufsichtsbeh\u00f6rde (Art. 77 DS-GVO i. V. m. \u00a7 19 BDSG) wird ausdr\u00fccklich hingewiesen. F\u00fcr uns zust\u00e4ndig ist Bayerisches Landesamt f\u00fcr Datenschutzaufsicht, Promenade 27, 91522 Ansbach.<\/p>\n<p>F\u00fcr Datenschutz und Datenverarbeitung in unserem Verein Verantwortlich: Marco Ulrich (1. Vorstand)<\/p>\n<p>Quelle: Rechtsanwalt Christian Heieck | Weiherstra\u00dfe 6 | 72213 Altensteig | Tel.: 07453\/1677 | kanzlei@rechtsanwalt-heieck.de<\/p>\n<\/div>\n","protected":false},"excerpt":{"rendered":"<p>Kontakt 1. Vorstand Marco Ulrich Blumenstr. 53 90617 Puschendorf email: saengerfreunde@mail.de 2. Vorstand Tobias Wutschka Sandleite 14 90617 Puschendorf Schriftf\u00fchrer Markus Hagendorf Vogelstra\u00dfe 18 90617 Puschendorf Kassier Monika Hampel Schie\u00dfhausweg 9 90617 Puschendorf Beisitzer Wolfgang Kistner Klaus-J\u00fcrgen Schulz Kai Lorenz &hellip; <a href=\"https:\/\/neu.xn--sngerfreunde-gcb.de\/index.php\/kontakt-2\/\">Weiterlesen <span class=\"meta-nav\">&rarr;<\/span><\/a><\/p>\n","protected":false},"author":3,"featured_media":0,"parent":0,"menu_order":0,"comment_status":"closed","ping_status":"closed","template":"","meta":{"footnotes":""},"class_list":["post-38","page","type-page","status-publish","hentry"],"_links":{"self":[{"href":"https:\/\/neu.xn--sngerfreunde-gcb.de\/index.php\/wp-json\/wp\/v2\/pages\/38","targetHints":{"allow":["GET"]}}],"collection":[{"href":"https:\/\/neu.xn--sngerfreunde-gcb.de\/index.php\/wp-json\/wp\/v2\/pages"}],"about":[{"href":"https:\/\/neu.xn--sngerfreunde-gcb.de\/index.php\/wp-json\/wp\/v2\/types\/page"}],"author":[{"embeddable":true,"href":"https:\/\/neu.xn--sngerfreunde-gcb.de\/index.php\/wp-json\/wp\/v2\/users\/3"}],"replies":[{"embeddable":true,"href":"https:\/\/neu.xn--sngerfreunde-gcb.de\/index.php\/wp-json\/wp\/v2\/comments?post=38"}],"version-history":[{"count":25,"href":"https:\/\/neu.xn--sngerfreunde-gcb.de\/index.php\/wp-json\/wp\/v2\/pages\/38\/revisions"}],"predecessor-version":[{"id":356,"href":"https:\/\/neu.xn--sngerfreunde-gcb.de\/index.php\/wp-json\/wp\/v2\/pages\/38\/revisions\/356"}],"wp:attachment":[{"href":"https:\/\/neu.xn--sngerfreunde-gcb.de\/index.php\/wp-json\/wp\/v2\/media?parent=38"}],"curies":[{"name":"wp","href":"https:\/\/api.w.org\/{rel}","templated":true}]}}